{"id":3361,"date":"2018-02-24T18:55:46","date_gmt":"2018-02-24T18:55:46","guid":{"rendered":"https:\/\/www.vbig.de\/?page_id=3361"},"modified":"2018-02-24T18:55:46","modified_gmt":"2018-02-24T18:55:46","slug":"ohne-panik","status":"publish","type":"page","link":"https:\/\/www.vbig.de\/index.php\/ohne-panik\/","title":{"rendered":"Ohne-Panik"},"content":{"rendered":"<div class=\"be-section         clearfix\" data-headerscheme=\"background--dark\" style=\" \"  ><div class=\"be-section-pad clearfix \" style=\" padding-top:90px;padding-bottom:90px;\" data-padding-top = \"90\"><div  class=\"be-row be-wrap clearfix \"><div  class=\"one-col column-block clearfix  no-background    \" data-animation=\"\" style=\"  \"><div class=\"be-custom-column-inner\"><div  class=\"tatsu-module tatsu-text-block-wrap tatsu-ic9iqtuslnaz8yxv  \"><div class=\"tatsu-text-inner tatsu-align-center  clearfix\" data-animation=\"fadeIn\"  ><h3 class=\"strong\"><span style=\"font-size: 14pt;\"><strong>Ab dem 25. Mai 2018 gilt die neue EU-Datenschutz-Grundverordnung (DSGVO).\n<\/strong><\/span><\/h3>\n<h3>Ohne Panik zur DS-GVO!\nWir unterst\u00fctzen Sie bei der Umsetzung der Anforderungen.<\/h3>\n<h6><strong>Gibt es das Bewusstsein im Unternehmen, dass Datenschutz Chefsache ist, beispielsweise durch<\/strong><\/h6>\n<ul>\n \t<li>Vorhandensein einer Datenschutzleitlinie<\/li>\n \t<li>Beschreibung der Datenschutzziele<\/li>\n \t<li>Regelung der Verantwortlichkeiten<\/li>\n \t<li>Bewusstsein \u00fcber Datenschutzrisiken<\/li>\n<\/ul>\n<h6><strong>Haben Sie ein Verzeichnis Ihrer Verarbeitungst\u00e4tigkeiten gem. Art. 30 DS-GVO?<\/strong><\/h6>\n<h6><strong>Gibt es f\u00fcr jede Verarbeitungst\u00e4tigkeit Angaben, mit der Sie die Rechtm\u00e4\u00dfigkeit Ihrer Verarbeitung nach-weisen k\u00f6nnen, z.B. bez\u00fcglich Zwecken, Kategorien personenbezogener Daten, Empf\u00e4ngern und\/oder L\u00f6schfristen (Art. 5 Abs. 2 DS-GVO)?<\/strong><\/h6>\n<h6><strong>Haben Sie mit allen Ihren Auftragsverarbeitern die erforderlichen Vereinbarungen mit dem Mindestinhalt nach Art. 28 Abs. 3 DS-GVO abgeschlossen?<\/strong><\/h6>\n<h6><strong>Haben Sie eine dokumentierte IT-Umgebung inkl. Risikobewertung z.B. BSI-Grundschutz?<\/strong><\/h6>\n<h6><\/h6><\/div><\/div><\/div><\/div><\/div><\/div><\/div>","protected":false},"excerpt":{"rendered":"<p>Ab dem 25. Mai 2018 gilt die neue EU-Datenschutz-Grundverordnung (DSGVO). Ohne Panik zur DS-GVO! Wir unterst\u00fctzen Sie bei der Umsetzung der Anforderungen. Gibt es das Bewusstsein im Unternehmen, dass Datenschutz [&hellip;]<\/p>\n<p><a href=\"https:\/\/www.vbig.de\/index.php\/ohne-panik\/\" class=\"more-link style1-button\">Read More<\/a><\/p>","protected":false},"author":1,"featured_media":0,"parent":0,"menu_order":0,"comment_status":"closed","ping_status":"closed","template":"","meta":[],"_links":{"self":[{"href":"https:\/\/www.vbig.de\/index.php\/wp-json\/wp\/v2\/pages\/3361"}],"collection":[{"href":"https:\/\/www.vbig.de\/index.php\/wp-json\/wp\/v2\/pages"}],"about":[{"href":"https:\/\/www.vbig.de\/index.php\/wp-json\/wp\/v2\/types\/page"}],"author":[{"embeddable":true,"href":"https:\/\/www.vbig.de\/index.php\/wp-json\/wp\/v2\/users\/1"}],"replies":[{"embeddable":true,"href":"https:\/\/www.vbig.de\/index.php\/wp-json\/wp\/v2\/comments?post=3361"}],"version-history":[{"count":1,"href":"https:\/\/www.vbig.de\/index.php\/wp-json\/wp\/v2\/pages\/3361\/revisions"}],"predecessor-version":[{"id":3362,"href":"https:\/\/www.vbig.de\/index.php\/wp-json\/wp\/v2\/pages\/3361\/revisions\/3362"}],"wp:attachment":[{"href":"https:\/\/www.vbig.de\/index.php\/wp-json\/wp\/v2\/media?parent=3361"}],"curies":[{"name":"wp","href":"https:\/\/api.w.org\/{rel}","templated":true}]}}